{"id":30706,"date":"2025-12-19T15:28:38","date_gmt":"2025-12-19T13:28:38","guid":{"rendered":"https:\/\/ism-granit.md\/?post_type=product&#038;p=30706"},"modified":"2026-01-06T15:25:54","modified_gmt":"2026-01-06T13:25:54","slug":"ru-pamjatnik-na-mogilu-0810-ro-monument-pe-morm-nt-0810","status":"publish","type":"product","link":"https:\/\/ism-granit.md\/ro\/product\/ru-pamjatnik-na-mogilu-0810-ro-monument-pe-morm-nt-0810\/","title":{"rendered":"MONUMENT PE MORM\u00c2NT \u21160810"},"content":{"rendered":"","protected":false},"excerpt":{"rendered":"<pre id=\"tw-target-text\" class=\"tw-data-text tw-text-large tw-ta\" dir=\"ltr\" role=\"text\" data-placeholder=\"\u041f\u0435\u0440\u0435\u0432\u043e\u0434\" data-ved=\"2ahUKEwjy4fKIpfaRAxWVQ_EDHTIGMHEQ3ewLegQIDBAW\" aria-label=\"\u041f\u0435\u0440\u0435\u0432\u0435\u0434\u0435\u043d\u043d\u044b\u0439 \u0442\u0435\u043a\u0441\u0442: Stel\u0103: 1600*700*80\r\nSpa\u021biu: 900*250*40\r\nPiestal: 700*200*150\r\nGr\u0103din\u0103 lung\u0103 de flori: 1200*600*100*100\r\nPiatr\u0103 funerar\u0103: 1280*560*30\r\nCeramic\u0103: 600*400\"><span class=\"Y2IQFc\" lang=\"ro\">Stel\u0103: 1600*700*80\r\nSpa\u021biu: 900*250*40\r\nPiestal: 700*200*150\r\nGr\u0103din\u0103 de flori: 1200*600*100*100\r\nPiatr\u0103 funerar\u0103: 1280*560*30\r\nCeramic\u0103: 600*400<\/span><\/pre>\n","protected":false},"featured_media":30991,"template":"","meta":[],"product_brand":[],"product_cat":[4422],"product_tag":[],"class_list":{"0":"post-30706","1":"product","2":"type-product","3":"status-publish","4":"has-post-thumbnail","6":"product_cat-pamyatniki-v-yevropeyskom-stile","8":"first","9":"instock","10":"shipping-taxable","11":"purchasable","12":"product-type-simple"},"yoast_head":"<!-- This site is optimized with the Yoast SEO plugin v27.4 - https:\/\/yoast.com\/product\/yoast-seo-wordpress\/ -->\n<title>MONUMENT PE MORM\u00c2NT \u21160810 &#8212; ISM-GRANIT<\/title>\n<meta name=\"robots\" content=\"index, follow, max-snippet:-1, max-image-preview:large, max-video-preview:-1\" \/>\n<link rel=\"canonical\" href=\"https:\/\/ism-granit.md\/product\/ru-pamjatnik-na-mogilu-0810-ro-monument-pe-morm-nt-0810\/\" \/>\n<meta property=\"og:locale\" content=\"ro_RO\" \/>\n<meta property=\"og:type\" content=\"article\" \/>\n<meta property=\"og:title\" content=\"[:ru]\u041f\u0410\u041c\u042f\u0422\u041d\u0418\u041a \u041d\u0410 \u041c\u041e\u0413\u0418\u041b\u0423 \u21160810[:ro]MONUMENT PE MORM\u00c2NT \u21160810[:] &#8212; ISM-GRANIT\" \/>\n<meta property=\"og:description\" content=\"[:ru]\u0421\u0442\u0435\u043b\u0430: 1600*700*80 \u041f\u0440\u043e\u0441\u0442\u0430\u0432\u043a\u0430: 900*250*40 \u0422\u0443\u043c\u0431\u0430: 700*200*150 \u0426\u0432\u0435\u0442\u043d\u0438\u043a : 1200*600*100*100 \u041f\u043b\u0438\u0442\u0430 \u043d\u0430\u0434\u0433\u0440\u043e\u0431\u043d\u0430\u044f: 1280*560*30 \u041a\u0435\u0440\u0430\u043c\u0438\u043a\u0430: 600*400[:ro]Stel\u0103: 1600*700*80 Spa\u021biu: 900*250*40 Piestal: 700*200*150 Gr\u0103din\u0103 de flori: 1200*600*100*100 Piatr\u0103 funerar\u0103: 1280*560*30 Ceramic\u0103: 600*400[:]\" \/>\n<meta property=\"og:url\" content=\"https:\/\/ism-granit.md\/product\/ru-pamjatnik-na-mogilu-0810-ro-monument-pe-morm-nt-0810\/\" \/>\n<meta property=\"og:site_name\" content=\"ISM-GRANIT\" \/>\n<meta property=\"article:publisher\" content=\"https:\/\/www.facebook.com\/ism.granit.md\" \/>\n<meta property=\"article:modified_time\" content=\"2026-01-06T13:25:54+00:00\" \/>\n<meta property=\"og:image\" content=\"https:\/\/ism-granit.md\/wp-content\/uploads\/2025\/12\/107mansuro.jpg\" \/>\n\t<meta property=\"og:image:width\" content=\"1300\" \/>\n\t<meta property=\"og:image:height\" content=\"1600\" \/>\n\t<meta property=\"og:image:type\" content=\"image\/jpeg\" \/>\n<meta name=\"twitter:card\" content=\"summary_large_image\" \/>\n<meta name=\"twitter:label1\" content=\"Timp estimat pentru citire\" \/>\n\t<meta name=\"twitter:data1\" content=\"1 minut\" \/>\n<script type=\"application\/ld+json\" class=\"yoast-schema-graph\">{\"@context\":\"https:\\\/\\\/schema.org\",\"@graph\":[{\"@type\":\"WebPage\",\"@id\":\"https:\\\/\\\/ism-granit.md\\\/product\\\/ru-pamjatnik-na-mogilu-0810-ro-monument-pe-morm-nt-0810\\\/\",\"url\":\"https:\\\/\\\/ism-granit.md\\\/product\\\/ru-pamjatnik-na-mogilu-0810-ro-monument-pe-morm-nt-0810\\\/\",\"name\":\"[:ru]\u041f\u0410\u041c\u042f\u0422\u041d\u0418\u041a \u041d\u0410 \u041c\u041e\u0413\u0418\u041b\u0423 \u21160810[:ro]MONUMENT PE MORM\u00c2NT \u21160810[:] &#8212; ISM-GRANIT\",\"isPartOf\":{\"@id\":\"https:\\\/\\\/ism-granit.md\\\/ro\\\/#website\"},\"primaryImageOfPage\":{\"@id\":\"https:\\\/\\\/ism-granit.md\\\/product\\\/ru-pamjatnik-na-mogilu-0810-ro-monument-pe-morm-nt-0810\\\/#primaryimage\"},\"image\":{\"@id\":\"https:\\\/\\\/ism-granit.md\\\/product\\\/ru-pamjatnik-na-mogilu-0810-ro-monument-pe-morm-nt-0810\\\/#primaryimage\"},\"thumbnailUrl\":\"https:\\\/\\\/ism-granit.md\\\/wp-content\\\/uploads\\\/2025\\\/12\\\/107mansuro.jpg\",\"datePublished\":\"2025-12-19T13:28:38+00:00\",\"dateModified\":\"2026-01-06T13:25:54+00:00\",\"breadcrumb\":{\"@id\":\"https:\\\/\\\/ism-granit.md\\\/product\\\/ru-pamjatnik-na-mogilu-0810-ro-monument-pe-morm-nt-0810\\\/#breadcrumb\"},\"inLanguage\":\"ro-RO\",\"potentialAction\":[{\"@type\":\"ReadAction\",\"target\":[\"https:\\\/\\\/ism-granit.md\\\/product\\\/ru-pamjatnik-na-mogilu-0810-ro-monument-pe-morm-nt-0810\\\/\"]}]},{\"@type\":\"ImageObject\",\"inLanguage\":\"ro-RO\",\"@id\":\"https:\\\/\\\/ism-granit.md\\\/product\\\/ru-pamjatnik-na-mogilu-0810-ro-monument-pe-morm-nt-0810\\\/#primaryimage\",\"url\":\"https:\\\/\\\/ism-granit.md\\\/wp-content\\\/uploads\\\/2025\\\/12\\\/107mansuro.jpg\",\"contentUrl\":\"https:\\\/\\\/ism-granit.md\\\/wp-content\\\/uploads\\\/2025\\\/12\\\/107mansuro.jpg\",\"width\":1300,\"height\":1600,\"caption\":\"MONUMENT PE MORM\u00c2NT \u21160810\"},{\"@type\":\"BreadcrumbList\",\"@id\":\"https:\\\/\\\/ism-granit.md\\\/product\\\/ru-pamjatnik-na-mogilu-0810-ro-monument-pe-morm-nt-0810\\\/#breadcrumb\",\"itemListElement\":[{\"@type\":\"ListItem\",\"position\":1,\"name\":\"Home\",\"item\":\"https:\\\/\\\/ism-granit.md\\\/\"},{\"@type\":\"ListItem\",\"position\":2,\"name\":\"\u041a\u0430\u0442\u0430\u043b\u043e\u0433\",\"item\":\"https:\\\/\\\/ism-granit.md\\\/katalog\\\/\"},{\"@type\":\"ListItem\",\"position\":3,\"name\":\"\u041f\u0410\u041c\u042f\u0422\u041d\u0418\u041a \u041d\u0410 \u041c\u041e\u0413\u0418\u041b\u0423 \u21160810\"}]},{\"@type\":\"WebSite\",\"@id\":\"https:\\\/\\\/ism-granit.md\\\/ro\\\/#website\",\"url\":\"https:\\\/\\\/ism-granit.md\\\/ro\\\/\",\"name\":\"ISM-GRANIT\",\"description\":\"\u0413\u0440\u0430\u043d\u0438\u0442\u043d\u0430\u044f \u041c\u0430\u0441\u0442\u0435\u0440\u0441\u043a\u0430\u044f \u0432 \u041c\u043e\u043b\u0434\u043e\u0432\u0435\",\"publisher\":{\"@id\":\"https:\\\/\\\/ism-granit.md\\\/ro\\\/#organization\"},\"potentialAction\":[{\"@type\":\"SearchAction\",\"target\":{\"@type\":\"EntryPoint\",\"urlTemplate\":\"https:\\\/\\\/ism-granit.md\\\/ro\\\/?s={search_term_string}\"},\"query-input\":{\"@type\":\"PropertyValueSpecification\",\"valueRequired\":true,\"valueName\":\"search_term_string\"}}],\"inLanguage\":\"ro-RO\"},{\"@type\":\"Organization\",\"@id\":\"https:\\\/\\\/ism-granit.md\\\/ro\\\/#organization\",\"name\":\"ISM-GRANIT\",\"url\":\"https:\\\/\\\/ism-granit.md\\\/ro\\\/\",\"logo\":{\"@type\":\"ImageObject\",\"inLanguage\":\"ro-RO\",\"@id\":\"https:\\\/\\\/ism-granit.md\\\/ro\\\/#\\\/schema\\\/logo\\\/image\\\/\",\"url\":\"https:\\\/\\\/ism-granit.md\\\/wp-content\\\/uploads\\\/2021\\\/01\\\/bez-nazvanija-5.png?v=1610957592\",\"contentUrl\":\"https:\\\/\\\/ism-granit.md\\\/wp-content\\\/uploads\\\/2021\\\/01\\\/bez-nazvanija-5.png?v=1610957592\",\"width\":287,\"height\":251,\"caption\":\"ISM-GRANIT\"},\"image\":{\"@id\":\"https:\\\/\\\/ism-granit.md\\\/ro\\\/#\\\/schema\\\/logo\\\/image\\\/\"},\"sameAs\":[\"https:\\\/\\\/www.facebook.com\\\/ism.granit.md\"]}]}<\/script>\n<!-- \/ Yoast SEO plugin. -->","yoast_head_json":{"title":"[:ru]\u041f\u0410\u041c\u042f\u0422\u041d\u0418\u041a \u041d\u0410 \u041c\u041e\u0413\u0418\u041b\u0423 \u21160810[:ro]MONUMENT PE MORM\u00c2NT \u21160810[:] &#8212; ISM-GRANIT","robots":{"index":"index","follow":"follow","max-snippet":"max-snippet:-1","max-image-preview":"max-image-preview:large","max-video-preview":"max-video-preview:-1"},"canonical":"https:\/\/ism-granit.md\/product\/ru-pamjatnik-na-mogilu-0810-ro-monument-pe-morm-nt-0810\/","og_locale":"ro_RO","og_type":"article","og_title":"[:ru]\u041f\u0410\u041c\u042f\u0422\u041d\u0418\u041a \u041d\u0410 \u041c\u041e\u0413\u0418\u041b\u0423 \u21160810[:ro]MONUMENT PE MORM\u00c2NT \u21160810[:] &#8212; ISM-GRANIT","og_description":"[:ru]\u0421\u0442\u0435\u043b\u0430: 1600*700*80 \u041f\u0440\u043e\u0441\u0442\u0430\u0432\u043a\u0430: 900*250*40 \u0422\u0443\u043c\u0431\u0430: 700*200*150 \u0426\u0432\u0435\u0442\u043d\u0438\u043a : 1200*600*100*100 \u041f\u043b\u0438\u0442\u0430 \u043d\u0430\u0434\u0433\u0440\u043e\u0431\u043d\u0430\u044f: 1280*560*30 \u041a\u0435\u0440\u0430\u043c\u0438\u043a\u0430: 600*400[:ro]Stel\u0103: 1600*700*80 Spa\u021biu: 900*250*40 Piestal: 700*200*150 Gr\u0103din\u0103 de flori: 1200*600*100*100 Piatr\u0103 funerar\u0103: 1280*560*30 Ceramic\u0103: 600*400[:]","og_url":"https:\/\/ism-granit.md\/product\/ru-pamjatnik-na-mogilu-0810-ro-monument-pe-morm-nt-0810\/","og_site_name":"ISM-GRANIT","article_publisher":"https:\/\/www.facebook.com\/ism.granit.md","article_modified_time":"2026-01-06T13:25:54+00:00","og_image":[{"width":1300,"height":1600,"url":"https:\/\/ism-granit.md\/wp-content\/uploads\/2025\/12\/107mansuro.jpg","type":"image\/jpeg"}],"twitter_card":"summary_large_image","twitter_misc":{"Timp estimat pentru citire":"1 minut"},"schema":{"@context":"https:\/\/schema.org","@graph":[{"@type":"WebPage","@id":"https:\/\/ism-granit.md\/product\/ru-pamjatnik-na-mogilu-0810-ro-monument-pe-morm-nt-0810\/","url":"https:\/\/ism-granit.md\/product\/ru-pamjatnik-na-mogilu-0810-ro-monument-pe-morm-nt-0810\/","name":"[:ru]\u041f\u0410\u041c\u042f\u0422\u041d\u0418\u041a \u041d\u0410 \u041c\u041e\u0413\u0418\u041b\u0423 \u21160810[:ro]MONUMENT PE MORM\u00c2NT \u21160810[:] &#8212; ISM-GRANIT","isPartOf":{"@id":"https:\/\/ism-granit.md\/ro\/#website"},"primaryImageOfPage":{"@id":"https:\/\/ism-granit.md\/product\/ru-pamjatnik-na-mogilu-0810-ro-monument-pe-morm-nt-0810\/#primaryimage"},"image":{"@id":"https:\/\/ism-granit.md\/product\/ru-pamjatnik-na-mogilu-0810-ro-monument-pe-morm-nt-0810\/#primaryimage"},"thumbnailUrl":"https:\/\/ism-granit.md\/wp-content\/uploads\/2025\/12\/107mansuro.jpg","datePublished":"2025-12-19T13:28:38+00:00","dateModified":"2026-01-06T13:25:54+00:00","breadcrumb":{"@id":"https:\/\/ism-granit.md\/product\/ru-pamjatnik-na-mogilu-0810-ro-monument-pe-morm-nt-0810\/#breadcrumb"},"inLanguage":"ro-RO","potentialAction":[{"@type":"ReadAction","target":["https:\/\/ism-granit.md\/product\/ru-pamjatnik-na-mogilu-0810-ro-monument-pe-morm-nt-0810\/"]}]},{"@type":"ImageObject","inLanguage":"ro-RO","@id":"https:\/\/ism-granit.md\/product\/ru-pamjatnik-na-mogilu-0810-ro-monument-pe-morm-nt-0810\/#primaryimage","url":"https:\/\/ism-granit.md\/wp-content\/uploads\/2025\/12\/107mansuro.jpg","contentUrl":"https:\/\/ism-granit.md\/wp-content\/uploads\/2025\/12\/107mansuro.jpg","width":1300,"height":1600,"caption":"MONUMENT PE MORM\u00c2NT \u21160810"},{"@type":"BreadcrumbList","@id":"https:\/\/ism-granit.md\/product\/ru-pamjatnik-na-mogilu-0810-ro-monument-pe-morm-nt-0810\/#breadcrumb","itemListElement":[{"@type":"ListItem","position":1,"name":"Home","item":"https:\/\/ism-granit.md\/"},{"@type":"ListItem","position":2,"name":"\u041a\u0430\u0442\u0430\u043b\u043e\u0433","item":"https:\/\/ism-granit.md\/katalog\/"},{"@type":"ListItem","position":3,"name":"\u041f\u0410\u041c\u042f\u0422\u041d\u0418\u041a \u041d\u0410 \u041c\u041e\u0413\u0418\u041b\u0423 \u21160810"}]},{"@type":"WebSite","@id":"https:\/\/ism-granit.md\/ro\/#website","url":"https:\/\/ism-granit.md\/ro\/","name":"ISM-GRANIT","description":"\u0413\u0440\u0430\u043d\u0438\u0442\u043d\u0430\u044f \u041c\u0430\u0441\u0442\u0435\u0440\u0441\u043a\u0430\u044f \u0432 \u041c\u043e\u043b\u0434\u043e\u0432\u0435","publisher":{"@id":"https:\/\/ism-granit.md\/ro\/#organization"},"potentialAction":[{"@type":"SearchAction","target":{"@type":"EntryPoint","urlTemplate":"https:\/\/ism-granit.md\/ro\/?s={search_term_string}"},"query-input":{"@type":"PropertyValueSpecification","valueRequired":true,"valueName":"search_term_string"}}],"inLanguage":"ro-RO"},{"@type":"Organization","@id":"https:\/\/ism-granit.md\/ro\/#organization","name":"ISM-GRANIT","url":"https:\/\/ism-granit.md\/ro\/","logo":{"@type":"ImageObject","inLanguage":"ro-RO","@id":"https:\/\/ism-granit.md\/ro\/#\/schema\/logo\/image\/","url":"https:\/\/ism-granit.md\/wp-content\/uploads\/2021\/01\/bez-nazvanija-5.png?v=1610957592","contentUrl":"https:\/\/ism-granit.md\/wp-content\/uploads\/2021\/01\/bez-nazvanija-5.png?v=1610957592","width":287,"height":251,"caption":"ISM-GRANIT"},"image":{"@id":"https:\/\/ism-granit.md\/ro\/#\/schema\/logo\/image\/"},"sameAs":["https:\/\/www.facebook.com\/ism.granit.md"]}]}},"_links":{"self":[{"href":"https:\/\/ism-granit.md\/ro\/wp-json\/wp\/v2\/product\/30706","targetHints":{"allow":["GET"]}}],"collection":[{"href":"https:\/\/ism-granit.md\/ro\/wp-json\/wp\/v2\/product"}],"about":[{"href":"https:\/\/ism-granit.md\/ro\/wp-json\/wp\/v2\/types\/product"}],"wp:featuredmedia":[{"embeddable":true,"href":"https:\/\/ism-granit.md\/ro\/wp-json\/wp\/v2\/media\/30991"}],"wp:attachment":[{"href":"https:\/\/ism-granit.md\/ro\/wp-json\/wp\/v2\/media?parent=30706"}],"wp:term":[{"taxonomy":"product_brand","embeddable":true,"href":"https:\/\/ism-granit.md\/ro\/wp-json\/wp\/v2\/product_brand?post=30706"},{"taxonomy":"product_cat","embeddable":true,"href":"https:\/\/ism-granit.md\/ro\/wp-json\/wp\/v2\/product_cat?post=30706"},{"taxonomy":"product_tag","embeddable":true,"href":"https:\/\/ism-granit.md\/ro\/wp-json\/wp\/v2\/product_tag?post=30706"}],"curies":[{"name":"wp","href":"https:\/\/api.w.org\/{rel}","templated":true}]}}