{"id":16591,"date":"2024-06-27T15:02:24","date_gmt":"2024-06-27T12:02:24","guid":{"rendered":"https:\/\/ism-granit.md\/?post_type=product&#038;p=16591"},"modified":"2026-02-28T12:34:34","modified_gmt":"2026-02-28T10:34:34","slug":"pamjatnik-na-mogilu-gp-0001","status":"publish","type":"product","link":"https:\/\/ism-granit.md\/ro\/product\/pamjatnik-na-mogilu-gp-0001\/","title":{"rendered":"MONUMENT PE MORM\u00c2NT GP.0001"},"content":{"rendered":"<p>MONUMENT LA MORMANT<\/p>\n<p>Atelierul nostru ofer\u0103 multe op\u021biuni pentru un monument morm\u00e2nt, toate nu sunt inferioare \u00eentre ele ca calitate \u0219i arat\u0103 la fel de frumos, pute\u021bi alege un monument morm\u00e2nt care se potrive\u0219te finan\u021belor \u0219i preferin\u021belor dumneavoastr\u0103.<\/p>\n<p>PRODUSE SI SERVICII<\/p>\n<p>MONUMENTE DIN GRANIT<br \/>\nMONUMENTE DIN GRANIT COLORAT<br \/>\nCOMPLEXE MEMORIALE<br \/>\n\u00ceMBUN\u0102T\u0102\u021aIRE GRAV\u0102<br \/>\nACOPERIREA BAZEI CU GRANIT<\/p>\n<p>Dup\u0103 ce accepta\u021bi calitatea monumentului fabricat \u0219i a altor produse, discut\u0103m despre termenele de livrare \u0219i locul de instalare.<br \/>\nCostul livr\u0103rii \u0219i instal\u0103rii este de obicei de 30% din costul total al comenzii. Asiguram livrare si montaj in toata Moldova.<br \/>\nV\u0103 vom informa telefonic despre finalizarea lucr\u0103rilor de instalare. Dac\u0103 este necesar, putem furniza un raport foto al lucr\u0103rii finalizate de la locul de \u00eenmorm\u00e2ntare prin e-mail.<br \/>\nSuna\u021bi-ne \u0219i v\u0103 vom oferi o consulta\u021bie telefonic\u0103 gratuit\u0103.<\/p>","protected":false},"excerpt":{"rendered":"<p>Descrierea pietrei funerare<\/p>\n<ul>\n<li>Tipul pietrei: Granit &#8211; gabro<\/li>\n<li>Stel\u0103 neagr\u0103, 70x40x5 cm<\/li>\n<li>Stel\u0103 gri, 80x15x5 cm<\/li>\n<li>Suport, 60x15x12 cm<\/li>\n<li>Strat de flori, 100x60x10 cm, sec\u021biune transversal\u0103 10&#215;5 cm<\/li>\n<li>Portret gravat, 25&#215;35 cm<\/li>\n<li>Nume complet \u0219i date de via\u021b\u0103 gravate<\/li>\n<li>Acoperire acrilic\u0103 a caracterelor text<\/li>\n<li>Acoperire acrilic\u0103 a imaginii grafice gravate.<\/li>\n<\/ul>\n<p>Servicii suplimentare care nu sunt incluse in pret.<\/p>\n<p>\u2022 Baza din beton pentru instalarea monumentului 160x90x15cm.<br \/>\n\u2022 Baza din beton pentru fa\u021bada cu pl\u0103ci de granit.<br \/>\n\u2022 Aruncarea crucii (metal\/lemn) dup\u0103 cum este necesar.<\/p>\n","protected":false},"featured_media":31154,"template":"","meta":[],"product_brand":[],"product_cat":[497,4406],"product_tag":[],"class_list":{"0":"post-16591","1":"product","2":"type-product","3":"status-publish","4":"has-post-thumbnail","6":"product_cat-vertikalnyye-pamyatniki","7":"product_cat-pamjatniki-iz-granita","8":"pa_razmer-stely-100h50h6","9":"pa_razmer-stely-120h60h6","10":"pa_razmer-stely-120h60h8","12":"first","13":"instock","14":"sale","15":"featured","16":"shipping-taxable","17":"purchasable","18":"product-type-simple"},"yoast_head":"<!-- This site is optimized with the Yoast SEO plugin v27.5 - https:\/\/yoast.com\/product\/yoast-seo-wordpress\/ -->\n<title>MONUMENT PE MORM\u00c2NT GP.0001 ISM-GRANIT &#8212; ISM-GRANIT<\/title>\n<meta name=\"description\" content=\"\u041a\u0443\u043f\u0438\u0442\u044c \u043f\u0430\u043c\u044f\u0442\u043d\u0438\u043a \u043d\u0430 \u043c\u043e\u0433\u0438\u043b\u0443 \u0438 \u043c\u0435\u043c\u043e\u0440\u0438\u0430\u043b\u044c\u043d\u044b\u0435 \u043a\u043e\u043c\u043f\u043b\u0435\u043a\u0441\u044b. \u041a\u0443\u043f\u0438\u0442\u044c \u043f\u0430\u043c\u044f\u0442\u043d\u0438\u043a \u043f\u043e \u043d\u0438\u0437\u043a\u043e\u0439 \u0446\u0435\u043d\u0435 \u041c\u043e\u043b\u0434\u043e\u0432\u0430. \u0411\u0435\u043b\u044c\u0446\u044b: 0 691 02 770 \u041a\u0438\u0448\u0438\u043d\u0435\u0432: 0 780 64 650\" \/>\n<meta name=\"robots\" content=\"index, follow, max-snippet:-1, max-image-preview:large, max-video-preview:-1\" \/>\n<link rel=\"canonical\" href=\"https:\/\/ism-granit.md\/product\/pamjatnik-na-mogilu-gp-0001\/\" \/>\n<meta property=\"og:locale\" content=\"ro_RO\" \/>\n<meta property=\"og:type\" content=\"article\" \/>\n<meta property=\"og:title\" content=\"[:ru]\u041f\u0410\u041c\u042f\u0422\u041d\u0418\u041a \u041d\u0410 \u041c\u041e\u0413\u0418\u041b\u0423 GP.0001[:ro]MONUMENT PE MORM\u00c2NT GP.0001[:] ISM-GRANIT &#8212; ISM-GRANIT\" \/>\n<meta property=\"og:description\" content=\"\u041a\u0443\u043f\u0438\u0442\u044c \u043f\u0430\u043c\u044f\u0442\u043d\u0438\u043a \u043d\u0430 \u043c\u043e\u0433\u0438\u043b\u0443 \u0438 \u043c\u0435\u043c\u043e\u0440\u0438\u0430\u043b\u044c\u043d\u044b\u0435 \u043a\u043e\u043c\u043f\u043b\u0435\u043a\u0441\u044b. \u041a\u0443\u043f\u0438\u0442\u044c \u043f\u0430\u043c\u044f\u0442\u043d\u0438\u043a \u043f\u043e \u043d\u0438\u0437\u043a\u043e\u0439 \u0446\u0435\u043d\u0435 \u041c\u043e\u043b\u0434\u043e\u0432\u0430. \u0411\u0435\u043b\u044c\u0446\u044b: 0 691 02 770 \u041a\u0438\u0448\u0438\u043d\u0435\u0432: 0 780 64 650\" \/>\n<meta property=\"og:url\" content=\"https:\/\/ism-granit.md\/product\/pamjatnik-na-mogilu-gp-0001\/\" \/>\n<meta property=\"og:site_name\" content=\"ISM-GRANIT\" \/>\n<meta property=\"article:publisher\" content=\"https:\/\/www.facebook.com\/ism.granit.md\" \/>\n<meta property=\"article:modified_time\" content=\"2026-02-28T10:34:34+00:00\" \/>\n<meta property=\"og:image\" content=\"https:\/\/ism-granit.md\/wp-content\/uploads\/2024\/06\/1-1-scaled.jpg\" \/>\n\t<meta property=\"og:image:width\" content=\"1810\" \/>\n\t<meta property=\"og:image:height\" content=\"2560\" \/>\n\t<meta property=\"og:image:type\" content=\"image\/jpeg\" \/>\n<meta name=\"twitter:card\" content=\"summary_large_image\" \/>\n<meta name=\"twitter:label1\" content=\"Timp estimat pentru citire\" \/>\n\t<meta name=\"twitter:data1\" content=\"1 minut\" \/>\n<script type=\"application\/ld+json\" class=\"yoast-schema-graph\">{\"@context\":\"https:\\\/\\\/schema.org\",\"@graph\":[{\"@type\":\"WebPage\",\"@id\":\"https:\\\/\\\/ism-granit.md\\\/product\\\/pamjatnik-na-mogilu-gp-0001\\\/\",\"url\":\"https:\\\/\\\/ism-granit.md\\\/product\\\/pamjatnik-na-mogilu-gp-0001\\\/\",\"name\":\"[:ru]\u041f\u0410\u041c\u042f\u0422\u041d\u0418\u041a \u041d\u0410 \u041c\u041e\u0413\u0418\u041b\u0423 GP.0001[:ro]MONUMENT PE MORM\u00c2NT GP.0001[:] ISM-GRANIT &#8212; ISM-GRANIT\",\"isPartOf\":{\"@id\":\"https:\\\/\\\/ism-granit.md\\\/ro\\\/#website\"},\"primaryImageOfPage\":{\"@id\":\"https:\\\/\\\/ism-granit.md\\\/product\\\/pamjatnik-na-mogilu-gp-0001\\\/#primaryimage\"},\"image\":{\"@id\":\"https:\\\/\\\/ism-granit.md\\\/product\\\/pamjatnik-na-mogilu-gp-0001\\\/#primaryimage\"},\"thumbnailUrl\":\"https:\\\/\\\/ism-granit.md\\\/wp-content\\\/uploads\\\/2024\\\/06\\\/1-1-scaled.jpg\",\"datePublished\":\"2024-06-27T12:02:24+00:00\",\"dateModified\":\"2026-02-28T10:34:34+00:00\",\"description\":\"\u041a\u0443\u043f\u0438\u0442\u044c \u043f\u0430\u043c\u044f\u0442\u043d\u0438\u043a \u043d\u0430 \u043c\u043e\u0433\u0438\u043b\u0443 \u0438 \u043c\u0435\u043c\u043e\u0440\u0438\u0430\u043b\u044c\u043d\u044b\u0435 \u043a\u043e\u043c\u043f\u043b\u0435\u043a\u0441\u044b. \u041a\u0443\u043f\u0438\u0442\u044c \u043f\u0430\u043c\u044f\u0442\u043d\u0438\u043a \u043f\u043e \u043d\u0438\u0437\u043a\u043e\u0439 \u0446\u0435\u043d\u0435 \u041c\u043e\u043b\u0434\u043e\u0432\u0430. \u0411\u0435\u043b\u044c\u0446\u044b: 0 691 02 770 \u041a\u0438\u0448\u0438\u043d\u0435\u0432: 0 780 64 650\",\"breadcrumb\":{\"@id\":\"https:\\\/\\\/ism-granit.md\\\/product\\\/pamjatnik-na-mogilu-gp-0001\\\/#breadcrumb\"},\"inLanguage\":\"ro-RO\",\"potentialAction\":[{\"@type\":\"ReadAction\",\"target\":[\"https:\\\/\\\/ism-granit.md\\\/product\\\/pamjatnik-na-mogilu-gp-0001\\\/\"]}]},{\"@type\":\"ImageObject\",\"inLanguage\":\"ro-RO\",\"@id\":\"https:\\\/\\\/ism-granit.md\\\/product\\\/pamjatnik-na-mogilu-gp-0001\\\/#primaryimage\",\"url\":\"https:\\\/\\\/ism-granit.md\\\/wp-content\\\/uploads\\\/2024\\\/06\\\/1-1-scaled.jpg\",\"contentUrl\":\"https:\\\/\\\/ism-granit.md\\\/wp-content\\\/uploads\\\/2024\\\/06\\\/1-1-scaled.jpg\",\"width\":1810,\"height\":2560,\"caption\":\"MONUMENT PE MORM\u00c2NT GP.0001\"},{\"@type\":\"BreadcrumbList\",\"@id\":\"https:\\\/\\\/ism-granit.md\\\/product\\\/pamjatnik-na-mogilu-gp-0001\\\/#breadcrumb\",\"itemListElement\":[{\"@type\":\"ListItem\",\"position\":1,\"name\":\"Home\",\"item\":\"https:\\\/\\\/ism-granit.md\\\/\"},{\"@type\":\"ListItem\",\"position\":2,\"name\":\"\u041a\u0430\u0442\u0430\u043b\u043e\u0433\",\"item\":\"https:\\\/\\\/ism-granit.md\\\/katalog\\\/\"},{\"@type\":\"ListItem\",\"position\":3,\"name\":\"\u041f\u0410\u041c\u042f\u0422\u041d\u0418\u041a \u041d\u0410 \u041c\u041e\u0413\u0418\u041b\u0423 GP.0001\"}]},{\"@type\":\"WebSite\",\"@id\":\"https:\\\/\\\/ism-granit.md\\\/ro\\\/#website\",\"url\":\"https:\\\/\\\/ism-granit.md\\\/ro\\\/\",\"name\":\"ISM-GRANIT\",\"description\":\"\u0413\u0440\u0430\u043d\u0438\u0442\u043d\u0430\u044f \u041c\u0430\u0441\u0442\u0435\u0440\u0441\u043a\u0430\u044f \u0432 \u041c\u043e\u043b\u0434\u043e\u0432\u0435\",\"publisher\":{\"@id\":\"https:\\\/\\\/ism-granit.md\\\/ro\\\/#organization\"},\"potentialAction\":[{\"@type\":\"SearchAction\",\"target\":{\"@type\":\"EntryPoint\",\"urlTemplate\":\"https:\\\/\\\/ism-granit.md\\\/ro\\\/?s={search_term_string}\"},\"query-input\":{\"@type\":\"PropertyValueSpecification\",\"valueRequired\":true,\"valueName\":\"search_term_string\"}}],\"inLanguage\":\"ro-RO\"},{\"@type\":\"Organization\",\"@id\":\"https:\\\/\\\/ism-granit.md\\\/ro\\\/#organization\",\"name\":\"ISM-GRANIT\",\"url\":\"https:\\\/\\\/ism-granit.md\\\/ro\\\/\",\"logo\":{\"@type\":\"ImageObject\",\"inLanguage\":\"ro-RO\",\"@id\":\"https:\\\/\\\/ism-granit.md\\\/ro\\\/#\\\/schema\\\/logo\\\/image\\\/\",\"url\":\"https:\\\/\\\/ism-granit.md\\\/wp-content\\\/uploads\\\/2021\\\/01\\\/bez-nazvanija-5.png?v=1610957592\",\"contentUrl\":\"https:\\\/\\\/ism-granit.md\\\/wp-content\\\/uploads\\\/2021\\\/01\\\/bez-nazvanija-5.png?v=1610957592\",\"width\":287,\"height\":251,\"caption\":\"ISM-GRANIT\"},\"image\":{\"@id\":\"https:\\\/\\\/ism-granit.md\\\/ro\\\/#\\\/schema\\\/logo\\\/image\\\/\"},\"sameAs\":[\"https:\\\/\\\/www.facebook.com\\\/ism.granit.md\"]}]}<\/script>\n<!-- \/ Yoast SEO plugin. -->","yoast_head_json":{"title":"[:ru]\u041f\u0410\u041c\u042f\u0422\u041d\u0418\u041a \u041d\u0410 \u041c\u041e\u0413\u0418\u041b\u0423 GP.0001[:ro]MONUMENT PE MORM\u00c2NT GP.0001[:] ISM-GRANIT &#8212; ISM-GRANIT","description":"\u041a\u0443\u043f\u0438\u0442\u044c \u043f\u0430\u043c\u044f\u0442\u043d\u0438\u043a \u043d\u0430 \u043c\u043e\u0433\u0438\u043b\u0443 \u0438 \u043c\u0435\u043c\u043e\u0440\u0438\u0430\u043b\u044c\u043d\u044b\u0435 \u043a\u043e\u043c\u043f\u043b\u0435\u043a\u0441\u044b. \u041a\u0443\u043f\u0438\u0442\u044c \u043f\u0430\u043c\u044f\u0442\u043d\u0438\u043a \u043f\u043e \u043d\u0438\u0437\u043a\u043e\u0439 \u0446\u0435\u043d\u0435 \u041c\u043e\u043b\u0434\u043e\u0432\u0430. \u0411\u0435\u043b\u044c\u0446\u044b: 0 691 02 770 \u041a\u0438\u0448\u0438\u043d\u0435\u0432: 0 780 64 650","robots":{"index":"index","follow":"follow","max-snippet":"max-snippet:-1","max-image-preview":"max-image-preview:large","max-video-preview":"max-video-preview:-1"},"canonical":"https:\/\/ism-granit.md\/product\/pamjatnik-na-mogilu-gp-0001\/","og_locale":"ro_RO","og_type":"article","og_title":"[:ru]\u041f\u0410\u041c\u042f\u0422\u041d\u0418\u041a \u041d\u0410 \u041c\u041e\u0413\u0418\u041b\u0423 GP.0001[:ro]MONUMENT PE MORM\u00c2NT GP.0001[:] ISM-GRANIT &#8212; ISM-GRANIT","og_description":"\u041a\u0443\u043f\u0438\u0442\u044c \u043f\u0430\u043c\u044f\u0442\u043d\u0438\u043a \u043d\u0430 \u043c\u043e\u0433\u0438\u043b\u0443 \u0438 \u043c\u0435\u043c\u043e\u0440\u0438\u0430\u043b\u044c\u043d\u044b\u0435 \u043a\u043e\u043c\u043f\u043b\u0435\u043a\u0441\u044b. \u041a\u0443\u043f\u0438\u0442\u044c \u043f\u0430\u043c\u044f\u0442\u043d\u0438\u043a \u043f\u043e \u043d\u0438\u0437\u043a\u043e\u0439 \u0446\u0435\u043d\u0435 \u041c\u043e\u043b\u0434\u043e\u0432\u0430. \u0411\u0435\u043b\u044c\u0446\u044b: 0 691 02 770 \u041a\u0438\u0448\u0438\u043d\u0435\u0432: 0 780 64 650","og_url":"https:\/\/ism-granit.md\/product\/pamjatnik-na-mogilu-gp-0001\/","og_site_name":"ISM-GRANIT","article_publisher":"https:\/\/www.facebook.com\/ism.granit.md","article_modified_time":"2026-02-28T10:34:34+00:00","og_image":[{"width":1810,"height":2560,"url":"https:\/\/ism-granit.md\/wp-content\/uploads\/2024\/06\/1-1-scaled.jpg","type":"image\/jpeg"}],"twitter_card":"summary_large_image","twitter_misc":{"Timp estimat pentru citire":"1 minut"},"schema":{"@context":"https:\/\/schema.org","@graph":[{"@type":"WebPage","@id":"https:\/\/ism-granit.md\/product\/pamjatnik-na-mogilu-gp-0001\/","url":"https:\/\/ism-granit.md\/product\/pamjatnik-na-mogilu-gp-0001\/","name":"[:ru]\u041f\u0410\u041c\u042f\u0422\u041d\u0418\u041a \u041d\u0410 \u041c\u041e\u0413\u0418\u041b\u0423 GP.0001[:ro]MONUMENT PE MORM\u00c2NT GP.0001[:] ISM-GRANIT &#8212; ISM-GRANIT","isPartOf":{"@id":"https:\/\/ism-granit.md\/ro\/#website"},"primaryImageOfPage":{"@id":"https:\/\/ism-granit.md\/product\/pamjatnik-na-mogilu-gp-0001\/#primaryimage"},"image":{"@id":"https:\/\/ism-granit.md\/product\/pamjatnik-na-mogilu-gp-0001\/#primaryimage"},"thumbnailUrl":"https:\/\/ism-granit.md\/wp-content\/uploads\/2024\/06\/1-1-scaled.jpg","datePublished":"2024-06-27T12:02:24+00:00","dateModified":"2026-02-28T10:34:34+00:00","description":"\u041a\u0443\u043f\u0438\u0442\u044c \u043f\u0430\u043c\u044f\u0442\u043d\u0438\u043a \u043d\u0430 \u043c\u043e\u0433\u0438\u043b\u0443 \u0438 \u043c\u0435\u043c\u043e\u0440\u0438\u0430\u043b\u044c\u043d\u044b\u0435 \u043a\u043e\u043c\u043f\u043b\u0435\u043a\u0441\u044b. \u041a\u0443\u043f\u0438\u0442\u044c \u043f\u0430\u043c\u044f\u0442\u043d\u0438\u043a \u043f\u043e \u043d\u0438\u0437\u043a\u043e\u0439 \u0446\u0435\u043d\u0435 \u041c\u043e\u043b\u0434\u043e\u0432\u0430. \u0411\u0435\u043b\u044c\u0446\u044b: 0 691 02 770 \u041a\u0438\u0448\u0438\u043d\u0435\u0432: 0 780 64 650","breadcrumb":{"@id":"https:\/\/ism-granit.md\/product\/pamjatnik-na-mogilu-gp-0001\/#breadcrumb"},"inLanguage":"ro-RO","potentialAction":[{"@type":"ReadAction","target":["https:\/\/ism-granit.md\/product\/pamjatnik-na-mogilu-gp-0001\/"]}]},{"@type":"ImageObject","inLanguage":"ro-RO","@id":"https:\/\/ism-granit.md\/product\/pamjatnik-na-mogilu-gp-0001\/#primaryimage","url":"https:\/\/ism-granit.md\/wp-content\/uploads\/2024\/06\/1-1-scaled.jpg","contentUrl":"https:\/\/ism-granit.md\/wp-content\/uploads\/2024\/06\/1-1-scaled.jpg","width":1810,"height":2560,"caption":"MONUMENT PE MORM\u00c2NT GP.0001"},{"@type":"BreadcrumbList","@id":"https:\/\/ism-granit.md\/product\/pamjatnik-na-mogilu-gp-0001\/#breadcrumb","itemListElement":[{"@type":"ListItem","position":1,"name":"Home","item":"https:\/\/ism-granit.md\/"},{"@type":"ListItem","position":2,"name":"\u041a\u0430\u0442\u0430\u043b\u043e\u0433","item":"https:\/\/ism-granit.md\/katalog\/"},{"@type":"ListItem","position":3,"name":"\u041f\u0410\u041c\u042f\u0422\u041d\u0418\u041a \u041d\u0410 \u041c\u041e\u0413\u0418\u041b\u0423 GP.0001"}]},{"@type":"WebSite","@id":"https:\/\/ism-granit.md\/ro\/#website","url":"https:\/\/ism-granit.md\/ro\/","name":"ISM-GRANIT","description":"\u0413\u0440\u0430\u043d\u0438\u0442\u043d\u0430\u044f \u041c\u0430\u0441\u0442\u0435\u0440\u0441\u043a\u0430\u044f \u0432 \u041c\u043e\u043b\u0434\u043e\u0432\u0435","publisher":{"@id":"https:\/\/ism-granit.md\/ro\/#organization"},"potentialAction":[{"@type":"SearchAction","target":{"@type":"EntryPoint","urlTemplate":"https:\/\/ism-granit.md\/ro\/?s={search_term_string}"},"query-input":{"@type":"PropertyValueSpecification","valueRequired":true,"valueName":"search_term_string"}}],"inLanguage":"ro-RO"},{"@type":"Organization","@id":"https:\/\/ism-granit.md\/ro\/#organization","name":"ISM-GRANIT","url":"https:\/\/ism-granit.md\/ro\/","logo":{"@type":"ImageObject","inLanguage":"ro-RO","@id":"https:\/\/ism-granit.md\/ro\/#\/schema\/logo\/image\/","url":"https:\/\/ism-granit.md\/wp-content\/uploads\/2021\/01\/bez-nazvanija-5.png?v=1610957592","contentUrl":"https:\/\/ism-granit.md\/wp-content\/uploads\/2021\/01\/bez-nazvanija-5.png?v=1610957592","width":287,"height":251,"caption":"ISM-GRANIT"},"image":{"@id":"https:\/\/ism-granit.md\/ro\/#\/schema\/logo\/image\/"},"sameAs":["https:\/\/www.facebook.com\/ism.granit.md"]}]}},"_links":{"self":[{"href":"https:\/\/ism-granit.md\/ro\/wp-json\/wp\/v2\/product\/16591","targetHints":{"allow":["GET"]}}],"collection":[{"href":"https:\/\/ism-granit.md\/ro\/wp-json\/wp\/v2\/product"}],"about":[{"href":"https:\/\/ism-granit.md\/ro\/wp-json\/wp\/v2\/types\/product"}],"wp:featuredmedia":[{"embeddable":true,"href":"https:\/\/ism-granit.md\/ro\/wp-json\/wp\/v2\/media\/31154"}],"wp:attachment":[{"href":"https:\/\/ism-granit.md\/ro\/wp-json\/wp\/v2\/media?parent=16591"}],"wp:term":[{"taxonomy":"product_brand","embeddable":true,"href":"https:\/\/ism-granit.md\/ro\/wp-json\/wp\/v2\/product_brand?post=16591"},{"taxonomy":"product_cat","embeddable":true,"href":"https:\/\/ism-granit.md\/ro\/wp-json\/wp\/v2\/product_cat?post=16591"},{"taxonomy":"product_tag","embeddable":true,"href":"https:\/\/ism-granit.md\/ro\/wp-json\/wp\/v2\/product_tag?post=16591"}],"curies":[{"name":"wp","href":"https:\/\/api.w.org\/{rel}","templated":true}]}}