{"id":18,"date":"2023-06-06T11:00:13","date_gmt":"2023-06-06T11:00:13","guid":{"rendered":"https:\/\/dummy.xtemos.com\/woodmart2\/furniture2\/?page_id=18"},"modified":"2024-06-27T11:31:56","modified_gmt":"2024-06-27T08:31:56","slug":"o-kompanii","status":"publish","type":"page","link":"https:\/\/ism-granit.md\/ro\/o-kompanii\/","title":{"rendered":"Despre companie"},"content":{"rendered":"<div class=\"wpb-content-wrapper\"><p>[vc_row][vc_column]\t\t<div id=\"wd-667d22bac9a98\" class=\"wd-text-block wd-wpb reset-last-child wd-rs-667d22bac9a98 text-left \">\n\t\t\t<h3><strong>Ce ne face s\u0103 ne deosebim de concuren\u021bi?<\/strong><\/h3>\n<p>\u2014 Compania noastr\u0103 ofer\u0103 o gam\u0103 larg\u0103<\/p>\n<p>\u2014 Me\u0219terii \u0219i gravatorii no\u0219tri au o experien\u021b\u0103 \u00eendelungat\u0103 \u0219i sunt cei mai buni<\/p>\n<p>\u2014 Toate produsele sunt garantate timp de 3 ani<\/p>\n<p>\u2014 Depozitare gratuit\u0103 disponibil\u0103<\/p>\n<p>\u2014 Pre\u021buri mici pentru monumente<\/p>\n<h3><strong>Fabricarea monumentelor la morm\u00e2nt<\/strong><\/h3>\n<p>Compania noastr\u0103 func\u021bioneaz\u0103 eficient \u0219i c\u00e2t mai repede posibil. Datorit\u0103 echipei sale extinse, atelierul poate oferi o varietate de servicii creative \u0219i este angajat \u00een toate meseriile din domeniul s\u0103u, astfel \u00eenc\u00e2t va putea \u00eendeplini oricare dintre dorin\u021bele dumneavoastr\u0103. Un monument conform schi\u021bei furnizate de dvs. \u2013 totul este disponibil.<\/p>\n<h3><strong>Monument la cimitir: de ce s\u0103 ne alege\u021bi?<\/strong><\/h3>\n<p>\u2014 Servicile me\u0219terilor cu o experien\u021b\u0103 de jumate de via\u021b\u0103 \u00een piatr\u0103 \u0219i gravur\u0103<\/p>\n<p>\u2014 Garan\u021bie pentru produsele din granit \u2013 50 de ani<\/p>\n<p>O piatr\u0103 funerar\u0103 este un memorial pentru cei pleca\u021bi. Din timpuri imemoriale, un astfel de produs este un simbol al lini\u0219tii min\u021bii \u0219i al iubirii pentru o persoan\u0103 drag\u0103 care a p\u0103r\u0103sit aceast\u0103 lume. A imortaliza \u00eenseamn\u0103 a-l face de neuitat, de neclintit, etern. Prin urmare, monumentul trebuie s\u0103 fie persistent \u0219i frumos, deoarece este o personificare demn\u0103 a unei persoane dragi \u021bie.<\/p>\n<h3><strong>Pietrele funerare care vor evoca un r\u0103spuns \u00een inim\u0103: \u201eMul\u021bumesc, nu te voi uita niciodat\u0103\u201d, pot avea urm\u0103toarele caracteristici:<\/strong><\/h3>\n<p>-form\u0103 special\u0103 \u00een granit clasic, colorat sau marmur\u0103 alb\u0103<\/p>\n<p>\u2013 epitaf, o inscrip\u021bie \u00eentr-un font special, posibil decorativ, de exemplu, aurire<\/p>\n<p>\u2014 Portret gravat artistic, clar \u0219i luminos<\/p>\n<p>\u2014 Orice form\u0103 \u0219i dimensiune interesant\u0103 a unei paturi din flori sau a unei pietre funerare<\/p>\n<p>\u2014 rezisten\u021ba \u0219i durabilitatea produselor rituale<\/p>\n<h3><strong>Monumentele furnizate de compania noastr\u0103 se vor potrivi dorin\u021belor oric\u0103rui client.<\/strong><\/h3>\n<p><strong>\u2013monument vertical \u0219i orizontal<\/strong><\/p>\n<p><strong>\u2014 complex memorial<\/strong><\/p>\n<p><strong>\u2014piatr\u0103 de morm\u00e2nt cu bust sau decorat\u0103 cu un barielief<\/strong><\/p>\n<p><strong>\u2014 garduri \u0219i socluri, mese \u0219i l\u0103mpi\u00a0<\/strong><\/p>\n<h3><strong>De unde s\u0103 cumperi un memorial pentru morm\u00e2nt?<\/strong><\/h3>\n<p>Cea mai fiabil\u0103 op\u021biune este un atelier de granit cu produc\u021bie \u0219i birou propriu. \u00cen acest caz, clientul va avea garan\u021bii pentru o munc\u0103 opera\u021bional\u0103 de \u00eenalt\u0103 calitate \u0219i durabilitate dup\u0103 finalizare. De mai bine de 15 ani, compania noastr\u0103 are o echip\u0103 specific\u0103 bine coordonat\u0103 de me\u0219teri cu experien\u021b\u0103 \u00een fabricarea produselor ritualice \u0219i a proiectelor at\u00e2t de grandioase, c\u00e2t \u0219i de mici dimensiuni.<\/p>\n<p>&nbsp;<\/p>\n<h3><strong>Ce materiale sunt utilizate \u0219i ce s\u0103 facem cu instala\u021bia?<\/strong><\/h3>\n<p>Atelierul nostru de granit v\u0103 ofer\u0103: \u2013 monumente de granit la comand\u0103 conform unei schi\u021be individuale sau modele prezentate \u00een catalog.<\/p>\n<p>Catalogul nostru ofer\u0103 o gam\u0103 variat\u0103 de persoane potrivite pentru toate nivelurile de venit. Avem de la stele dreptunghiulare bugetare p\u00e2n\u0103 la memorialele expansive. Pre\u021bul produsului selectat depinde de designul material, creativ \u0219i artistic \u0219i de stilul monumentului.<\/p>\n<p>Un monument din cimitir este un ansamblu grandios dedicat unei persoane grozave sau dragi pentru tine. Site-ul nostru prezint\u0103 un sortiment de la monumente mici, dar pictate \u0219i speciale, la complexe memoriale grandioase. Atunci c\u00e2nd crea\u021bi un astfel de produs, pute\u021bi lua \u00een considerare interesele \u0219i viziunea asupra lumii a unei persoane dragi, pute\u021bi alege orice solu\u021bie tematic\u0103 \u0219i decorativ\u0103, pentru compania noastr\u0103 nu exist\u0103 restric\u021bii \u00een dorin\u021be. O astfel de structur\u0103 va deveni un simbol al marii memorii.<\/p>\n<p>Monumentele de pe morm\u00e2nt cu o cruce, fotografie \u0219i pre\u021b pot fi selectate \u00een catalogul nostru. Acestea sunt produse care simbolizeaz\u0103 o credin\u021b\u0103 profund\u0103 \u00een leg\u0103tura dintre p\u0103m\u00e2nt \u0219i cer, o stare de spirit pentru o cale de succes c\u0103tre o alt\u0103 lume \u0219i rena\u0219tere. Pre\u021bul depinde de modelul standard, individual sau exclusiv, de solu\u021biile creative \u0219i de complexitatea execu\u021biei. Atelierul nostru ofer\u0103 multe op\u021biuni pentru astfel de stele, toate nu sunt inferioare unele la altele din punct de vedere calitativ \u0219i arat\u0103 la fel de frumos, \u00eel pute\u021bi alege pe cel care se potrive\u0219te finan\u021belor \u0219i preferin\u021belor dumneavoastr\u0103.<\/p>\n<p>Instalarea unui monument pe un morm\u00e2nt: Atelierul recomand\u0103 alegerea monumentelor standard, deoarece acestea sunt produse conform formei alese, cu respectarea strict\u0103 a dimensiunii, de \u00eenalt\u0103 calitate, au un c\u00e2mp larg pentru decorare \u0219i un cost favorabil. Catalogul nostru v\u0103 ofer\u0103 toate modelele clasice de monumente, care difer\u0103 \u00eentre ele prin solu\u021bii stilistice speciale. Fiecare client va g\u0103si o form\u0103 de produs adecvat\u0103.<\/p>\n<h3><strong>Fabricarea monumentelor \u00een conformitate cu o schi\u021b\u0103 individual\u0103, dimensiune \u0219i preferin\u021be.<\/strong><\/h3>\n<p>Costul produselor pentru preferin\u021bele speciale ale clientului poate fi mai mare dec\u00e2t cele standard. Deoarece totul depinde de m\u0103rimea, materialul, tehnica de execu\u021bie, durata \u0219i scrupulositatea fabric\u0103rii. Compania lucreaz\u0103 \u00eentotdeauna cu bun\u0103-credin\u021b\u0103 \u0219i \u00eencearc\u0103 s\u0103 pun\u0103 \u00een aplicare planul autorului p\u00e2n\u0103 \u00een cele mai mici detalii, ceea ce cost\u0103 mult\u0103 munc\u0103 \u0219i r\u0103bdare, dar rezultatul este \u00eentotdeauna incredibil de pl\u0103cut pentru fiecare client, pentru aceasta lucr\u0103m.<\/p>\n<p>Fabricarea de monumente exclusive: pre\u021buri \u0219i caracteristici<br \/>\nDac\u0103 dori\u021bi s\u0103 crea\u021bi un monument de elit\u0103 care s\u0103 serveasc\u0103 drept instala\u021bie de art\u0103 comemorativ\u0103, o adev\u0103rat\u0103 oper\u0103 de art\u0103, atunci compania noastr\u0103, care se concentreaz\u0103 \u00een principal pe aceast\u0103 zon\u0103, v\u0103 va ajuta cu pl\u0103cere \u00een selectarea materialului, a formei, a ideii \u0219i oferi\u021bi o schi\u021b\u0103 corespunz\u0103toare tuturor imagina\u021biei \u0219i dorin\u021belor dvs. Ve\u021bi putea afla p\u00e2n\u0103 la cel mai mic detaliu cum va ar\u0103ta comanda dvs. Me\u0219terii \u00eentruchipeaz\u0103 orice inten\u021bii artistice.<\/p>\n<h3><strong>Realizarea monumentelor din granit: caracteristici<\/strong><\/h3>\n<p>Monumentul nostru din granit este un produs durabil care poate transmite toat\u0103 durerea \u0219i dorul pentru o persoan\u0103 drag\u0103 sub forma unei pietre funerare, recrea un adio luminos, o amintire etern\u0103 \u0219i o dorin\u021b\u0103 fericit\u0103.<\/p>\n<p>Fiecare monument difer\u0103 prin natura execu\u021biei sale, complexitatea formei, materialele utilizate \u0219i tehnologiile de crea\u021bie, prin urmare pre\u021burile pentru acestea sunt diferite. De exemplu, crearea unui complex sculptural detaliat cu un basorelief necesit\u0103 claritate, iar me\u0219terii no\u0219tri, care sunt specializa\u021bi \u00een aceast\u0103 zon\u0103 special\u0103, cu mare experien\u021b\u0103 \u0219i dragoste pentru ambarca\u021biunile lor.<\/p>\n<p>Realizarea unui monument este o munc\u0103 manual\u0103 care necesit\u0103 putere, s\u00e2rguin\u021b\u0103 \u0219i controlul st\u0103p\u00e2nului. Cu propriile sale eforturi, cu m\u00e2inile aurii, whopperul f\u0103r\u0103 form\u0103 se transform\u0103 \u00een timp \u00eentr-un monument sculptural lucios \u00eengrijit. De exemplu, un bust al celor pleca\u021bi, figura unui \u00eenger sau aceea\u0219i stel\u0103 de o form\u0103 incredibil\u0103.<\/p>\n<p>Fabricarea pietrei funerare este \u00een primul r\u00e2nd\u00a0 e o art\u0103. Pute\u021bi ar\u0103ta o schi\u021b\u0103 cu o stel\u0103 pictat\u0103, un basorelief, o dorin\u021b\u0103 \u00eentr-un desen, iar me\u0219terii no\u0219tri vor fi gata s\u0103 se apuce de treab\u0103.<\/p>\n<p>Dar nu este necesar s\u0103 crea\u021bi monumente cu forme incredibile pictate pentru a onora memoria celui mai apropiat de dvs. Modelele prezentate pe site-ul nostru web nu sunt mai pu\u021bin demne de o op\u021biune unic\u0103, mai ales cu o selec\u021bie larg\u0103 de forme. \u00cen fiecare lucrare, indiferent de complexitate \u0219i m\u0103rime, st\u0103p\u00e2nul \u00ee\u0219i pune sufletul \u0219i tu \u00eel alegi sincer, acest lucru este suficient pentru a-i \u00eendeplini onest \u0219i cu dragoste pe cei pleca\u021bi. Speciali\u0219tii companiei noastre sunt gata s\u0103 v\u0103 ajute cu alegerea unui monument \u0219i proiectarea acestuia \u00een func\u021bie de bugetul dvs.<\/p>\n<h3>Fabricarea monumentelor \u00een Moldova \u0219i Transnistria: de ce s\u0103 ne alege\u021bi?<\/h3>\n<p>\u2014 o experien\u021b\u0103 mare \u00een fabricarea monumentelor<\/p>\n<p>\u2014 Posibilitatea \u00eencheierii unui contract la distan\u021b\u0103 \u0219i o discu\u021bie detaliat\u0103 a comenzii dvs. f\u0103r\u0103 a p\u0103r\u0103si casa.<br \/>\n\u2014 crearea unor complexe de granit unice de proiectare bugetare<\/p>\n<p>\u2014 depozitare \u0219i livrare la toate cimitirele din Moldova \u0219i Transnistria, ceea ce va salva clientul de o serie de solu\u021bii la probleme importante<\/p>\n<p>\u2014 Calitate \u00eenalt\u0103 \u0219i garan\u021bie de la 3 ani. Ne facem treaba con\u0219tiincios, indiferent de scar\u0103.<\/p>\n\t\t<\/div>\n\t\t<div id=\"wd-667d2335761e8\" class=\" wd-rs-667d2335761e8  wd-button-wrapper text-center\"><a href=\"\/contact\/\" title=\"\" class=\"btn btn-color-primary btn-style-default btn-style-round btn-size-default btn-full-width\">Contacteaz\u0103-ne!<\/a><\/div>[vc_empty_space woodmart_hide_large=&#8221;0&#8243; woodmart_hide_medium=&#8221;0&#8243; woodmart_hide_small=&#8221;0&#8243;]\t\t<div id=\"gallery_382\" class=\"wd-images-gallery wd-wpb wd-rs-667d235035c0f vc_custom_1719477076000 photoswipe-images\" style=\"--wd-justify-content:center;--wd-align-items:center;\">\n\t\t\t\n\t\t\t<div class=\" wd-grid-f-col wd-masonry\" style=\"--wd-col-lg:2;--wd-col-md:2;--wd-col-sm:2;--wd-gap-lg:20px;--wd-gap-sm:10px;\">\n\t\t\t\t\n\t\t\t\t\t\t\t\t\t\t\t\t\t\t\t<div class=\"wd-gallery-item wd-col\">\n\t\t\t\t\t\t\t\t\t\t\t\t\t\t<a href=\"https:\/\/ism-granit.md\/wp-content\/uploads\/2024\/06\/368432548_265847469715705_5323401424175312643_n.jpg\" data-elementor-open-lightbox=\"no\" data-index=\"1\" data-width=\"1536\" data-height=\"2048\" \n\t\t\t\t\t\t\t\t\t\t\t\t >\n\t\t\t\t\t\t\t\t\n\t\t\t\t\t\t\t\t<img decoding=\"async\" width=\"1536\" height=\"2048\" src=\"https:\/\/ism-granit.md\/wp-content\/uploads\/2024\/06\/368432548_265847469715705_5323401424175312643_n.jpg\" class=\"wd-gallery-image image-1\" alt=\"\" srcset=\"https:\/\/ism-granit.md\/wp-content\/uploads\/2024\/06\/368432548_265847469715705_5323401424175312643_n.jpg 1536w, https:\/\/ism-granit.md\/wp-content\/uploads\/2024\/06\/368432548_265847469715705_5323401424175312643_n-225x300.jpg 225w, https:\/\/ism-granit.md\/wp-content\/uploads\/2024\/06\/368432548_265847469715705_5323401424175312643_n-600x800.jpg 600w, https:\/\/ism-granit.md\/wp-content\/uploads\/2024\/06\/368432548_265847469715705_5323401424175312643_n-768x1024.jpg 768w, https:\/\/ism-granit.md\/wp-content\/uploads\/2024\/06\/368432548_265847469715705_5323401424175312643_n-1152x1536.jpg 1152w, https:\/\/ism-granit.md\/wp-content\/uploads\/2024\/06\/368432548_265847469715705_5323401424175312643_n-1200x1600.jpg 1200w, https:\/\/ism-granit.md\/wp-content\/uploads\/2024\/06\/368432548_265847469715705_5323401424175312643_n-150x200.jpg 150w\" sizes=\"(max-width: 1536px) 100vw, 1536px\" \/>\n\t\t\t\t\t\t\t\t\t\t\t\t\t\t\t<\/a>\n\t\t\t\t\t\t\t\t\t\t\t\t<\/div>\n\t\t\t\t\t\t\t\t\t\t\t<div class=\"wd-gallery-item wd-col\">\n\t\t\t\t\t\t\t\t\t\t\t\t\t\t<a href=\"https:\/\/ism-granit.md\/wp-content\/uploads\/2024\/06\/362981603_255752160725236_3526847234124766133_n.jpg\" data-elementor-open-lightbox=\"no\" data-index=\"2\" data-width=\"1536\" data-height=\"2048\" \n\t\t\t\t\t\t\t\t\t\t\t\t >\n\t\t\t\t\t\t\t\t\n\t\t\t\t\t\t\t\t<img decoding=\"async\" width=\"1536\" height=\"2048\" src=\"https:\/\/ism-granit.md\/wp-content\/uploads\/2024\/06\/362981603_255752160725236_3526847234124766133_n.jpg\" class=\"wd-gallery-image image-2\" alt=\"\" srcset=\"https:\/\/ism-granit.md\/wp-content\/uploads\/2024\/06\/362981603_255752160725236_3526847234124766133_n.jpg 1536w, https:\/\/ism-granit.md\/wp-content\/uploads\/2024\/06\/362981603_255752160725236_3526847234124766133_n-225x300.jpg 225w, https:\/\/ism-granit.md\/wp-content\/uploads\/2024\/06\/362981603_255752160725236_3526847234124766133_n-600x800.jpg 600w, https:\/\/ism-granit.md\/wp-content\/uploads\/2024\/06\/362981603_255752160725236_3526847234124766133_n-768x1024.jpg 768w, https:\/\/ism-granit.md\/wp-content\/uploads\/2024\/06\/362981603_255752160725236_3526847234124766133_n-1152x1536.jpg 1152w, https:\/\/ism-granit.md\/wp-content\/uploads\/2024\/06\/362981603_255752160725236_3526847234124766133_n-1200x1600.jpg 1200w, https:\/\/ism-granit.md\/wp-content\/uploads\/2024\/06\/362981603_255752160725236_3526847234124766133_n-150x200.jpg 150w\" sizes=\"(max-width: 1536px) 100vw, 1536px\" \/>\n\t\t\t\t\t\t\t\t\t\t\t\t\t\t\t<\/a>\n\t\t\t\t\t\t\t\t\t\t\t\t<\/div>\n\t\t\t\t\t\t\t\t\t\n\t\t\t\t\t\t\t<\/div>\n\n\t\t\t\t\t<\/div>\n\t\t[\/vc_column][\/vc_row]<\/p>\n<\/div>","protected":false},"excerpt":{"rendered":"<p>[vc_row][vc_column][vc_empty_space woodmart_hide_large=&#8221;0&#8243; woodmart_hide_medium=&#8221;0&#8243; woodmart_hide_small=&#8221;0&#8243;][\/vc_column][\/vc_row]<\/p>\n","protected":false},"author":1,"featured_media":0,"parent":0,"menu_order":0,"comment_status":"closed","ping_status":"closed","template":"","meta":{"footnotes":""},"class_list":["post-18","page","type-page","status-publish","hentry"],"yoast_head":"<!-- This site is optimized with the Yoast SEO plugin v27.4 - https:\/\/yoast.com\/product\/yoast-seo-wordpress\/ -->\n<title>Despre companie &#8212; ISM-GRANIT<\/title>\n<meta name=\"robots\" content=\"index, follow, max-snippet:-1, max-image-preview:large, max-video-preview:-1\" \/>\n<link rel=\"canonical\" href=\"https:\/\/ism-granit.md\/o-kompanii\/\" \/>\n<meta property=\"og:locale\" content=\"ro_RO\" \/>\n<meta property=\"og:type\" content=\"article\" \/>\n<meta property=\"og:title\" content=\"[:ru]\u041e \u043a\u043e\u043c\u043f\u0430\u043d\u0438\u0438[:ro]Despre companie[:] &#8212; ISM-GRANIT\" \/>\n<meta property=\"og:description\" content=\"[vc_row][vc_column][vc_empty_space woodmart_hide_large=&#8221;0&#8243; woodmart_hide_medium=&#8221;0&#8243; woodmart_hide_small=&#8221;0&#8243;][\/vc_column][\/vc_row]\" \/>\n<meta property=\"og:url\" content=\"https:\/\/ism-granit.md\/o-kompanii\/\" \/>\n<meta property=\"og:site_name\" content=\"ISM-GRANIT\" \/>\n<meta property=\"article:publisher\" content=\"https:\/\/www.facebook.com\/ism.granit.md\" \/>\n<meta property=\"article:modified_time\" content=\"2024-06-27T08:31:56+00:00\" \/>\n<meta name=\"twitter:card\" content=\"summary_large_image\" \/>\n<meta name=\"twitter:label1\" content=\"Timp estimat pentru citire\" \/>\n\t<meta name=\"twitter:data1\" content=\"10 minute\" \/>\n<script type=\"application\/ld+json\" class=\"yoast-schema-graph\">{\"@context\":\"https:\\\/\\\/schema.org\",\"@graph\":[{\"@type\":\"WebPage\",\"@id\":\"https:\\\/\\\/ism-granit.md\\\/o-kompanii\\\/\",\"url\":\"https:\\\/\\\/ism-granit.md\\\/o-kompanii\\\/\",\"name\":\"[:ru]\u041e \u043a\u043e\u043c\u043f\u0430\u043d\u0438\u0438[:ro]Despre companie[:] &#8212; ISM-GRANIT\",\"isPartOf\":{\"@id\":\"https:\\\/\\\/ism-granit.md\\\/ro\\\/#website\"},\"datePublished\":\"2023-06-06T11:00:13+00:00\",\"dateModified\":\"2024-06-27T08:31:56+00:00\",\"breadcrumb\":{\"@id\":\"https:\\\/\\\/ism-granit.md\\\/o-kompanii\\\/#breadcrumb\"},\"inLanguage\":\"ro-RO\",\"potentialAction\":[{\"@type\":\"ReadAction\",\"target\":[\"https:\\\/\\\/ism-granit.md\\\/o-kompanii\\\/\"]}]},{\"@type\":\"BreadcrumbList\",\"@id\":\"https:\\\/\\\/ism-granit.md\\\/o-kompanii\\\/#breadcrumb\",\"itemListElement\":[{\"@type\":\"ListItem\",\"position\":1,\"name\":\"Home\",\"item\":\"https:\\\/\\\/ism-granit.md\\\/\"},{\"@type\":\"ListItem\",\"position\":2,\"name\":\"\u041e \u043a\u043e\u043c\u043f\u0430\u043d\u0438\u0438\"}]},{\"@type\":\"WebSite\",\"@id\":\"https:\\\/\\\/ism-granit.md\\\/ro\\\/#website\",\"url\":\"https:\\\/\\\/ism-granit.md\\\/ro\\\/\",\"name\":\"ISM-GRANIT\",\"description\":\"\u0413\u0440\u0430\u043d\u0438\u0442\u043d\u0430\u044f \u041c\u0430\u0441\u0442\u0435\u0440\u0441\u043a\u0430\u044f \u0432 \u041c\u043e\u043b\u0434\u043e\u0432\u0435\",\"publisher\":{\"@id\":\"https:\\\/\\\/ism-granit.md\\\/ro\\\/#organization\"},\"potentialAction\":[{\"@type\":\"SearchAction\",\"target\":{\"@type\":\"EntryPoint\",\"urlTemplate\":\"https:\\\/\\\/ism-granit.md\\\/ro\\\/?s={search_term_string}\"},\"query-input\":{\"@type\":\"PropertyValueSpecification\",\"valueRequired\":true,\"valueName\":\"search_term_string\"}}],\"inLanguage\":\"ro-RO\"},{\"@type\":\"Organization\",\"@id\":\"https:\\\/\\\/ism-granit.md\\\/ro\\\/#organization\",\"name\":\"ISM-GRANIT\",\"url\":\"https:\\\/\\\/ism-granit.md\\\/ro\\\/\",\"logo\":{\"@type\":\"ImageObject\",\"inLanguage\":\"ro-RO\",\"@id\":\"https:\\\/\\\/ism-granit.md\\\/ro\\\/#\\\/schema\\\/logo\\\/image\\\/\",\"url\":\"https:\\\/\\\/ism-granit.md\\\/wp-content\\\/uploads\\\/2021\\\/01\\\/bez-nazvanija-5.png?v=1610957592\",\"contentUrl\":\"https:\\\/\\\/ism-granit.md\\\/wp-content\\\/uploads\\\/2021\\\/01\\\/bez-nazvanija-5.png?v=1610957592\",\"width\":287,\"height\":251,\"caption\":\"ISM-GRANIT\"},\"image\":{\"@id\":\"https:\\\/\\\/ism-granit.md\\\/ro\\\/#\\\/schema\\\/logo\\\/image\\\/\"},\"sameAs\":[\"https:\\\/\\\/www.facebook.com\\\/ism.granit.md\"]}]}<\/script>\n<!-- \/ Yoast SEO plugin. -->","yoast_head_json":{"title":"[:ru]\u041e \u043a\u043e\u043c\u043f\u0430\u043d\u0438\u0438[:ro]Despre companie[:] &#8212; ISM-GRANIT","robots":{"index":"index","follow":"follow","max-snippet":"max-snippet:-1","max-image-preview":"max-image-preview:large","max-video-preview":"max-video-preview:-1"},"canonical":"https:\/\/ism-granit.md\/o-kompanii\/","og_locale":"ro_RO","og_type":"article","og_title":"[:ru]\u041e \u043a\u043e\u043c\u043f\u0430\u043d\u0438\u0438[:ro]Despre companie[:] &#8212; ISM-GRANIT","og_description":"[vc_row][vc_column][vc_empty_space woodmart_hide_large=&#8221;0&#8243; woodmart_hide_medium=&#8221;0&#8243; woodmart_hide_small=&#8221;0&#8243;][\/vc_column][\/vc_row]","og_url":"https:\/\/ism-granit.md\/o-kompanii\/","og_site_name":"ISM-GRANIT","article_publisher":"https:\/\/www.facebook.com\/ism.granit.md","article_modified_time":"2024-06-27T08:31:56+00:00","twitter_card":"summary_large_image","twitter_misc":{"Timp estimat pentru citire":"10 minute"},"schema":{"@context":"https:\/\/schema.org","@graph":[{"@type":"WebPage","@id":"https:\/\/ism-granit.md\/o-kompanii\/","url":"https:\/\/ism-granit.md\/o-kompanii\/","name":"[:ru]\u041e \u043a\u043e\u043c\u043f\u0430\u043d\u0438\u0438[:ro]Despre companie[:] &#8212; ISM-GRANIT","isPartOf":{"@id":"https:\/\/ism-granit.md\/ro\/#website"},"datePublished":"2023-06-06T11:00:13+00:00","dateModified":"2024-06-27T08:31:56+00:00","breadcrumb":{"@id":"https:\/\/ism-granit.md\/o-kompanii\/#breadcrumb"},"inLanguage":"ro-RO","potentialAction":[{"@type":"ReadAction","target":["https:\/\/ism-granit.md\/o-kompanii\/"]}]},{"@type":"BreadcrumbList","@id":"https:\/\/ism-granit.md\/o-kompanii\/#breadcrumb","itemListElement":[{"@type":"ListItem","position":1,"name":"Home","item":"https:\/\/ism-granit.md\/"},{"@type":"ListItem","position":2,"name":"\u041e \u043a\u043e\u043c\u043f\u0430\u043d\u0438\u0438"}]},{"@type":"WebSite","@id":"https:\/\/ism-granit.md\/ro\/#website","url":"https:\/\/ism-granit.md\/ro\/","name":"ISM-GRANIT","description":"\u0413\u0440\u0430\u043d\u0438\u0442\u043d\u0430\u044f \u041c\u0430\u0441\u0442\u0435\u0440\u0441\u043a\u0430\u044f \u0432 \u041c\u043e\u043b\u0434\u043e\u0432\u0435","publisher":{"@id":"https:\/\/ism-granit.md\/ro\/#organization"},"potentialAction":[{"@type":"SearchAction","target":{"@type":"EntryPoint","urlTemplate":"https:\/\/ism-granit.md\/ro\/?s={search_term_string}"},"query-input":{"@type":"PropertyValueSpecification","valueRequired":true,"valueName":"search_term_string"}}],"inLanguage":"ro-RO"},{"@type":"Organization","@id":"https:\/\/ism-granit.md\/ro\/#organization","name":"ISM-GRANIT","url":"https:\/\/ism-granit.md\/ro\/","logo":{"@type":"ImageObject","inLanguage":"ro-RO","@id":"https:\/\/ism-granit.md\/ro\/#\/schema\/logo\/image\/","url":"https:\/\/ism-granit.md\/wp-content\/uploads\/2021\/01\/bez-nazvanija-5.png?v=1610957592","contentUrl":"https:\/\/ism-granit.md\/wp-content\/uploads\/2021\/01\/bez-nazvanija-5.png?v=1610957592","width":287,"height":251,"caption":"ISM-GRANIT"},"image":{"@id":"https:\/\/ism-granit.md\/ro\/#\/schema\/logo\/image\/"},"sameAs":["https:\/\/www.facebook.com\/ism.granit.md"]}]}},"_links":{"self":[{"href":"https:\/\/ism-granit.md\/ro\/wp-json\/wp\/v2\/pages\/18","targetHints":{"allow":["GET"]}}],"collection":[{"href":"https:\/\/ism-granit.md\/ro\/wp-json\/wp\/v2\/pages"}],"about":[{"href":"https:\/\/ism-granit.md\/ro\/wp-json\/wp\/v2\/types\/page"}],"author":[{"embeddable":true,"href":"https:\/\/ism-granit.md\/ro\/wp-json\/wp\/v2\/users\/1"}],"replies":[{"embeddable":true,"href":"https:\/\/ism-granit.md\/ro\/wp-json\/wp\/v2\/comments?post=18"}],"version-history":[{"count":0,"href":"https:\/\/ism-granit.md\/ro\/wp-json\/wp\/v2\/pages\/18\/revisions"}],"wp:attachment":[{"href":"https:\/\/ism-granit.md\/ro\/wp-json\/wp\/v2\/media?parent=18"}],"curies":[{"name":"wp","href":"https:\/\/api.w.org\/{rel}","templated":true}]}}